{"id":1101,"date":"2019-11-12T15:42:19","date_gmt":"2019-11-12T15:42:19","guid":{"rendered":"http:\/\/fanny.lecairn.org\/?page_id=1101"},"modified":"2022-08-09T10:41:23","modified_gmt":"2022-08-09T10:41:23","slug":"publications-2","status":"publish","type":"page","link":"https:\/\/fanny.lecairn.org\/?page_id=1101","title":{"rendered":"Publications"},"content":{"rendered":"\n<h2 class=\"has-very-dark-gray-color has-text-color wp-block-heading\">Peer-reviewed articles<\/h2>\n\n\n\n<h3 class=\"has-vivid-red-color has-text-color wp-block-heading\">2022<\/h3>\n\n\n\n<p>34 &#8211; B\u00e9raud, L., D. Cusicanqui, A. Rabatel, <strong>Brun, F.<\/strong>, C. Vincent, and D. Six: Glacier-wide seasonal and annual geodetic mass balances from Pl\u00e9iades stereo images. Application to the Glacier d\u2019Argenti\u00e8re, French Alps, <em>Journal of Glaciology<\/em>, in press.<\/p>\n\n\n\n<p>33 &#8211; Bessin, Z., Dedieu, J.-P., Arnaud, Y., Wagnon, P., <strong>Brun, F.<\/strong>, Esteves, M., Perry, B., and Matthews, T.: Processing of VEN\u03bcS Images of High Mountains: A Case Study for Cryospheric and Hydro-Climatic Applications in the Everest Region (Nepal), <em>Remote Sens.<\/em>, 14, 1098, https:\/\/doi.org\/10.3390\/rs14051098, 2022.<\/p>\n\n\n\n<p>32 &#8211; Hugonnet, R., <strong>F. Brun<\/strong>, E. Berthier, A. Dehecq, E. S. Mannerfelt, N. Eckert, and D. Farinotti (2022), Uncertainty analysis of digital elevation models by spatial inference from stable terrain, <em>IEEE Journal of Selected Topics in Applied Earth Observations and Remote Sensing<\/em>, pp. 1\u201317, 10.1109\/JSTARS.2022.3188922.<\/p>\n\n\n\n<p>31 &#8211; Khadka, A., P. Wagnon, <strong>F. Brun<\/strong>, D. Shrestha, Y. Lejeune, and Y. Arnaud (2022), Evaluation of ERA5-Land and HARv2 Reanalysis Data at High Elevation in the Upper Dudh Koshi Basin (Everest Region, Nepal), <em>Journal of Applied Meteorology and Climatology<\/em>, 61(8), 931 \u2013 954, 10.1175\/JAMC-D-21-0091.1.<\/p>\n\n\n\n<h3 class=\"has-vivid-red-color has-text-color wp-block-heading\">2021<\/h3>\n\n\n\n<p>30 &#8211; Hugonnet, R., McNabb, R., Berthier, E., Menounos, B., Nuth, C., Girod, L., Farinotti, D., Huss, M., Dussaillant, I., <strong>Brun, F.<\/strong>, and K\u00e4\u00e4b, A.: Accelerated global glacier mass loss in the early twenty-first century, <em>Nature<\/em>, 592, 726\u2013731, https:\/\/doi.org\/10.1038\/s41586-021-03436-z, 2021.<\/p>\n\n\n\n<p>29 &#8211; Lei, Y., T. Yao, L. Tian, Y. Sheng, Lazhu, J. Liao, H. Zhao, W. Yang, K. Yang, E. Berthier, <strong>F. Brun<\/strong>, Y. Gao,M. Zhu, and G. Wu (2021), Response of downstream lakes to Aru glacier collapses on the western Tibetan Plateau, <em>The Cryosphere<\/em>, 15(1), 199\u2013214, 10.5194\/tc-15-199-2021.<\/p>\n\n\n\n<p>28 &#8211; Shea, J. M., Kraaijenbrink, P. D. A., Immerzeel, W. W., and<strong> Brun, F<\/strong>.: Debris Emergence Elevations and Glacier Change, <em>Front. Earth Sci.<\/em>, 9, 895, https:\/\/doi.org\/10.3389\/feart.2021.709957, 2021.<\/p>\n\n\n\n<p>27 &#8211; Thomson, L., <strong>Brun, F.<\/strong>, Braun, M., and Zemp, M.: Editorial: Observational Assessments of Glacier Mass Changes at Regional and Global Level, <em>Front. Earth Sci.<\/em>, 8, https:\/\/doi.org\/10.3389\/feart.2020.641710, 2021.<\/p>\n\n\n\n<p>26 &#8211; Vincent, C., D. Cusicanqui, B. Jourdain, O. Laarman, D. Six, A. Gilbert, A. Walpersdorf, A. Rabatel, L. Piard, F. Gimbert, O. Gagliardini, V. Peyaud, L. Arnaud, E. Thibert, <strong>F. Brun<\/strong>, and U. Nanni (2021), Geodetic point surface mass balances: a new approach to determine point surface mass balances on glaciers from remote sensing measurements, <em>The Cryosphere<\/em>, 15(3), <a href=\"https:\/\/tc.copernicus.org\/articles\/15\/1259\/2021\/\">1259\u20131276, 10.5194\/tc-15-1259-2021<\/a>.<\/p>\n\n\n\n<p>25 &#8211; Wagnon, P., <strong>F. Brun<\/strong>, A. Khadka, E. Berthier, D. Shrestha, C. Vincent, Y. Arnaud, et al. \u00ab\u00a0Reanalysing the 2007\u201319 glaciological mass-balance series of Mera Glacier, Nepal, Central Himalaya, using geodetic mass balance\u00a0\u00bb. <em>Journal of Glaciology<\/em>, 2021, 1\u20119. <a href=\"https:\/\/doi.org\/10.1017\/jog.2020.88\">https:\/\/doi.org\/10.1017\/jog.2020.88<\/a>.<\/p>\n\n\n\n<h3 class=\"has-vivid-red-color has-text-color wp-block-heading\">2020<\/h3>\n\n\n\n<p>24 &#8211; <strong>Brun F.<\/strong>, D. Treichler, D. Shean, and W.W. Immerzeel. &#8220;Limited contribution of glacier mass loss to the recent increase in Tibetan Plateau lake volume&#8221;.<em> Frontiers in Earth Sciences<\/em>, 2020.<\/p>\n\n\n\n<p>23 &#8211; Charton, J., V. Jomelli, I. Schimmelpfennig, D. Verfaillie, V. Favier, F. Mokadem, A. Gilbert, <strong>F. Brun<\/strong>, et al. \u00ab\u00a0A debris-covered glacier at Kerguelen (49\u00b0S, 69\u00b0E) over the past 15 000 years\u00a0\u00bb. <em>Antarctic Science<\/em>, 2020, 1\u201113. <a href=\"https:\/\/doi.org\/10.1017\/S0954102020000541\">https:\/\/doi.org\/10.1017\/S0954102020000541<\/a>.<\/p>\n\n\n\n<h3 class=\"has-vivid-red-color has-text-color wp-block-heading\">2019<\/h3>\n\n\n\n<p>22 &#8211; Berthier, E., and <strong>F. Brun<\/strong>. \u201cKarakoram Geodetic Glacier Mass Balances between 2008 and 2016: Persistence of the Anomaly and Influence of a Large Rock Avalanche on Siachen Glacier.\u201d <em>Journal of Glaciology<\/em> 65, no. 251 (2019): 494\u2013507. https:\/\/doi.org\/10.1017\/jog.2019.32.    <\/p>\n\n\n\n<p>21 &#8211; <strong>Brun, F.<\/strong>, P. Wagnon, E. Berthier, V. Jomelli, S. B. Maharjan, F. Shrestha, and P. D. A. Kraaijenbrink. \u201cHeterogeneous Influence of Glacier Morphology on the Mass Balance Variability in High Mountain Asia.\u201d <em>Journal of Geophysical Research: Earth Surface<\/em> 0, no. 0 (2019). https:\/\/doi.org\/10.1029\/2018JF004838.    <\/p>\n\n\n\n<p>20 &#8211; Dehecq, A., N. Gourmelen, A. S. Gardner, <strong>F. Brun<\/strong>, D. Goldberg, P. W. Nienow, E. Berthier, C. Vincent, P. Wagnon, and E. Trouv\u00e9. \u201cTwenty-First Century Glacier Slowdown Driven by Mass Loss in High Mountain Asia.\u201d <em>Nature Geoscience<\/em> 12, no. 1 (2019): 22\u201327. https:\/\/doi.org\/10.1038\/s41561-018-0271-9.    <\/p>\n\n\n\n<p>19 &#8211; Dussaillant, I., E. Berthier, <strong>F. Brun<\/strong>, M. Masiokas, R. Hugonnet, V. Favier, A. Rabatel, P. Pitte, and L. Ruiz. \u201cTwo Decades of Glacier Mass Loss along the Andes.\u201d <em>Nature Geoscience<\/em> 12, no. 10 (2019): 802\u20138. https:\/\/doi.org\/10.1038\/s41561-019-0432-5.    <\/p>\n\n\n\n<p>18 &#8211; Menounos, B., R. Hugonnet, D. Shean, A. Gardner, I. Howat, E. Berthier, B. Pelto, C. Tennant, J. Shea,  M.-J. Noh, <strong>F. Brun<\/strong>, and A. Dehecq. \u201cHeterogeneous Changes in Western North American Glaciers Linked to Decadal Variability in Zonal Wind Strength.\u201d <em>Geophysical Research Letters<\/em> 46, no. 1 (2019): 200\u2013209. https:\/\/doi.org\/10.1029\/2018GL080942.    <\/p>\n\n\n\n<p>17 &#8211; Mimeau, L., M. Esteves, I. Zin, H.-W. Jacobi, <strong>F. Brun<\/strong>, P. Wagnon, D. Koirala, and Y. Arnaud. \u201cQuantification of Different Flow Components in a High-Altitude Glacierized Catchment (Dudh Koshi, Himalaya): Some Cryospheric-Related Issues.\u201d <em>Hydrol. Earth Syst. Sci.<\/em> 23, no. 9 (September 27, 2019): 3969\u201396. https:\/\/doi.org\/10.5194\/hess-23-3969-2019.    <\/p>\n\n\n\n<h3 class=\"has-vivid-red-color has-text-color wp-block-heading\"> 2018<\/h3>\n\n\n\n<p>16 &#8211; <strong>Brun, F.<\/strong>, P. Wagnon, E. Berthier, J. M. Shea, W. W. Immerzeel, P. D. A. Kraaijenbrink, C. Vincent, C. Reverchon, D. Shrestha, and Y. Arnaud. \u201cIce Cliff Contribution to the Tongue-Wide Ablation of Changri Nup Glacier, Nepal, Central Himalaya.\u201d <em>The Cryosphere<\/em> 12, no. 11 (2018): 3439\u201357. https:\/\/doi.org\/10.5194\/tc-12-3439-2018.    <\/p>\n\n\n\n<p>15 &#8211; Dussaillant, I., E. Berthier, and <strong>F. Brun<\/strong>. \u201cGeodetic Mass Balance of the Northern Patagonian Icefield from 2000 to 2012 Using Two Independent Methods.\u201d <em>Frontiers in Earth Science<\/em> 6 (2018): 8. https:\/\/doi.org\/10.3389\/feart.2018.00008.    <\/p>\n\n\n\n<p>14 &#8211; K\u00e4\u00e4b, A., Leinss, S., Gilbert, A., B\u00fchler, Y., Gascoin, S., Evans, S.G., Bartelt, P., Berthier, E., <strong>Brun, F.<\/strong>, Chao, W.-A., Farinotti, D., Gimbert, F., Guo, W., Huggel, C., Kargel, J.S., Leonard, G.J., Tian, L., Treichler, D., Yao, T.  \u201cMassive Collapse of Two Glaciers in Western Tibet in 2016 after Surge-like Instability.\u201d <em>Nature Geoscience<\/em> 11, no. 2 (2018): 114\u201320. https:\/\/doi.org\/10.1038\/s41561-017-0039-7. <\/p>\n\n\n\n<p>13 &#8211; Miles, E. S., C. S. Watson, <strong>F. Brun<\/strong>, E. Berthier, M. Esteves, D. J. Quincey, K. E. Miles, B. Hubbard, and P. Wagnon. \u201cGlacial and Geomorphic Effects of a Supraglacial Lake Drainage and Outburst Event, Everest Region, Nepal Himalaya.\u201d <em>The Cryosphere<\/em> 12, no. 12 (2018): 3891\u20133905. https:\/\/doi.org\/10.5194\/tc-12-3891-2018.    <\/p>\n\n\n\n<p>12 &#8211; Vincent, C., M. Dumont, D. Six, <strong>F. Brun<\/strong>, G. Picard, and L. Arnaud. \u201cWhy Do the Dark and Light Ogives of Forbes Bands Have Similar Surface Mass Balances?\u201d <em>Journal of Glaciology<\/em> 64 (2018): 236\u201346. https:\/\/doi.org\/10.1017\/jog.2018.12.    <\/p>\n\n\n\n<p>11 &#8211; Wang, Jida, Chunqiao Song, John T. Reager, Fangfang Yao, James S. Famiglietti, Yongwei Sheng, Glen M. MacDonald,  <strong>F. Brun<\/strong>,   H.M. Schmied,   R.A. Marston, Y. Wada. \u201cRecent Global Decline in Endorheic Basin Water Storages.\u201d <em>Nature Geoscience<\/em> 11, no. 12 (2018): 926\u201332. https:\/\/doi.org\/10.1038\/s41561-018-0265-7.    <\/p>\n\n\n\n<h3 class=\"has-vivid-red-color has-text-color wp-block-heading\">2017<\/h3>\n\n\n\n<p>10 &#8211; <strong>Brun, F.<\/strong>, E. Berthier, P. Wagnon, A. K\u00e4\u00e4b, and D. Treichler. \u201cA Spatially Resolved Estimate of High Mountain Asia Glacier Mass Balances from 2000 to 2016.\u201d <em>Nature Geoscience<\/em> 10 (September 2017): 668\u201373.    <\/p>\n\n\n\n<p>9 &#8211; Lamb, M. P., <strong>F. Brun<\/strong>, and B. M. Fuller. \u201cHydrodynamics of Steep Streams with Planar Coarse-Grained Beds: Turbulence, Flow Resistance, and Implications for Sediment Transport.\u201d <em>Water Resources Research<\/em> 53, no. 3 (2017): 2240\u201363. https:\/\/doi.org\/10.1002\/2016WR019579.    <\/p>\n\n\n\n<p>8 &#8211; Lamb, M. P., <strong>F. Brun<\/strong>, and B. M. Fuller. \u201cDirect Measurements of Lift and Drag on Shallowly Submerged Cobbles in Steep Streams: Implications for Flow Resistance and Sediment Transport.\u201d <em>Water Resources Research<\/em> 53, no. 9 (2017): 7607\u201329. https:\/\/doi.org\/10.1002\/2017WR020883.    <\/p>\n\n\n\n<p>7 &#8211; Miles, E. S., J. F. Steiner, and <strong>F. Brun<\/strong>. \u201cHighly Variable Aerodynamic Roughness Length (z0) for a Hummocky Debris-Covered Glacier.\u201d <em>Journal of Geophysical Research: Atmospheres<\/em> 122, no. 16 (2017): 2017JD026510. https:\/\/doi.org\/10.1002\/2017JD026510.    <\/p>\n\n\n\n<p> 6 &#8211; Sherpa, S. F., P. Wagnon, <strong>F. Brun<\/strong>, E. Berthier, C. Vincent, Y. Lejeune, Y. Arnaud, Rijan B. Kayastha, and A. Sinisalo. \u201cContrasted Surface Mass Balances of Debris-Free Glaciers Observed between the Southern and the Inner Parts of the Everest Region (2007-2015).\u201d <em>Journal of Glaciology<\/em> 63, no. 240 (2017): 637\u201351.    <\/p>\n\n\n\n<h3 class=\"has-vivid-red-color has-text-color wp-block-heading\"> 2016<\/h3>\n\n\n\n<p>5 &#8211; <strong>Brun, F.<\/strong>, P. Buri, E. S. Miles, P. Wagnon, J. F. Steiner, E. Berthier, S. Ragettli, P. Kraaijenbrink, W.W. Immerzeel, and F. Pellicciotti. \u201cQuantifying Volume Loss from Ice Cliffs on Debris-Covered Glaciers Using High-Resolution Terrestrial and Aerial Photogrammetry.\u201d <em>Journal of Glaciology<\/em> 62, no. 234 (2016): 684\u201395. https:\/\/doi.org\/10.1017\/jog.2016.54.    <\/p>\n\n\n\n<p>4 &#8211; Vincent, C., P. Wagnon, J. M. Shea, W. W. Immerzeel, P. Kraaijenbrink, D. Shrestha, A. Soruco, Y. Arnaud, <strong>F. Brun<\/strong>, E. Berthier and S. F. Sherpa. \u201cReduced Melt on Debris-Covered Glaciers: Investigations from Changri Nup Glacier, Nepal.\u201d <em>The Cryosphere<\/em> 10, no. 4 (2016): 1845\u201358. https:\/\/doi.org\/10.5194\/tc-10-1845-2016.    <\/p>\n\n\n\n<h3 class=\"has-vivid-red-color has-text-color wp-block-heading\">2015<\/h3>\n\n\n\n<p>3 &#8211; <strong>Brun, F.<\/strong>, M. Dumont, P. Wagnon, E. Berthier, M. F. Azam, J. M. Shea, P. Sirguey, A. Rabatel, and Al. Ramanathan. \u201cSeasonal Changes in Surface Albedo of Himalayan Glaciers from MODIS Data and Links with the Annual Mass Balance.\u201d <em>The Cryosphere<\/em> 9, no. 1 (2015): 341\u201355. https:\/\/doi.org\/10.5194\/tc-9-341-2015.    <\/p>\n\n\n\n<p>2 &#8211; Shea, J.M., P. Wagnon, W.W. Immerzeel, R. Biron, <strong>F. Brun<\/strong>, and F. Pellicciotti. \u201cA Comparative High-Altitude Meteorological Analysis from Three Catchments in the Nepalese Himalaya.\u201d <em>International Journal of Water Resources Development<\/em> 31, no. 2 (2015): 174\u2013200. https:\/\/doi.org\/10.1080\/07900627.2015.1020417.    <\/p>\n\n\n\n<h3 class=\"has-vivid-red-color has-text-color wp-block-heading\">2014<\/h3>\n\n\n\n<p>1 &#8211; Scheingross, J. S., <strong>F. Brun<\/strong>, D. Y. Lo, K. Omerdin, and M. P. Lamb. \u201cExperimental Evidence for Fluvial Bedrock Incision by Suspended and Bedload Sediment.\u201d <em>Geology<\/em> 42, no. 6 (2014): 523\u201326. https:\/\/doi.org\/10.1130\/G35432.1.    <\/p>\n\n\n\n<p><\/p>\n","protected":false},"excerpt":{"rendered":"<p>Peer-reviewed articles 2022 34 &#8211; B\u00e9raud, L., D. Cusicanqui, A. Rabatel, Brun, F., C. Vincent, and D. Six: Glacier-wide seasonal and annual geodetic mass balances from Pl\u00e9iades stereo images. Application to the Glacier d\u2019Argenti\u00e8re, French Alps, Journal of Glaciology, in press. 33 &#8211; Bessin, Z., Dedieu, J.-P., Arnaud, Y., Wagnon, P., Brun, F., Esteves, M., &hellip; <a href=\"https:\/\/fanny.lecairn.org\/?page_id=1101\" class=\"more-link\">Continue reading <span class=\"screen-reader-text\">Publications<\/span> <span class=\"meta-nav\">&rarr;<\/span><\/a><\/p>\n","protected":false},"author":1,"featured_media":0,"parent":0,"menu_order":0,"comment_status":"closed","ping_status":"closed","template":"","meta":{"footnotes":""},"class_list":["post-1101","page","type-page","status-publish","hentry"],"_links":{"self":[{"href":"https:\/\/fanny.lecairn.org\/index.php?rest_route=\/wp\/v2\/pages\/1101","targetHints":{"allow":["GET"]}}],"collection":[{"href":"https:\/\/fanny.lecairn.org\/index.php?rest_route=\/wp\/v2\/pages"}],"about":[{"href":"https:\/\/fanny.lecairn.org\/index.php?rest_route=\/wp\/v2\/types\/page"}],"author":[{"embeddable":true,"href":"https:\/\/fanny.lecairn.org\/index.php?rest_route=\/wp\/v2\/users\/1"}],"replies":[{"embeddable":true,"href":"https:\/\/fanny.lecairn.org\/index.php?rest_route=%2Fwp%2Fv2%2Fcomments&post=1101"}],"version-history":[{"count":14,"href":"https:\/\/fanny.lecairn.org\/index.php?rest_route=\/wp\/v2\/pages\/1101\/revisions"}],"predecessor-version":[{"id":1185,"href":"https:\/\/fanny.lecairn.org\/index.php?rest_route=\/wp\/v2\/pages\/1101\/revisions\/1185"}],"wp:attachment":[{"href":"https:\/\/fanny.lecairn.org\/index.php?rest_route=%2Fwp%2Fv2%2Fmedia&parent=1101"}],"curies":[{"name":"wp","href":"https:\/\/api.w.org\/{rel}","templated":true}]}}